{"id":18,"date":"2023-08-10T13:22:06","date_gmt":"2023-08-10T13:22:06","guid":{"rendered":"https:\/\/www.nutrikoutek.cz\/?page_id=18"},"modified":"2026-02-13T10:52:20","modified_gmt":"2026-02-13T10:52:20","slug":"instagram-nutrikoutku","status":"publish","type":"page","link":"https:\/\/www.nutrikoutek.cz\/","title":{"rendered":"V\u00edtejte v Nutrikoutku"},"content":{"rendered":"\n<p>Pod\u00edvejte se na <a href=\"https:\/\/www.nutrikoutek.cz\/?page_id=30\" data-type=\"page\" data-id=\"30\">n\u00e1hled p\u0159\u00edsp\u011bvk\u016f<\/a> na Instagramu<\/p>\n\n\n\n<p>A nebo p\u0159\u00edmo na n\u00e1\u0161 Instagram: <a href=\"https:\/\/www.instagram.com\/nutrikoutek\/\">https:\/\/www.instagram.com\/nutrikoutek\/<\/a><\/p>\n\n\n\n<p><\/p>\n","protected":false},"excerpt":{"rendered":"<p>Pod\u00edvejte se na n\u00e1hled p\u0159\u00edsp\u011bvk\u016f na Instagramu A nebo p\u0159\u00edmo na n\u00e1\u0161 Instagram: https:\/\/www.instagram.com\/nutrikoutek\/<\/p>\n","protected":false},"author":1,"featured_media":0,"parent":0,"menu_order":0,"comment_status":"closed","ping_status":"closed","template":"","meta":{"_monsterinsights_skip_tracking":false,"_monsterinsights_sitenote_active":false,"_monsterinsights_sitenote_note":"","_monsterinsights_sitenote_category":0,"footnotes":""},"class_list":["post-18","page","type-page","status-publish","hentry"],"aioseo_notices":[],"_links":{"self":[{"href":"https:\/\/www.nutrikoutek.cz\/index.php?rest_route=\/wp\/v2\/pages\/18","targetHints":{"allow":["GET"]}}],"collection":[{"href":"https:\/\/www.nutrikoutek.cz\/index.php?rest_route=\/wp\/v2\/pages"}],"about":[{"href":"https:\/\/www.nutrikoutek.cz\/index.php?rest_route=\/wp\/v2\/types\/page"}],"author":[{"embeddable":true,"href":"https:\/\/www.nutrikoutek.cz\/index.php?rest_route=\/wp\/v2\/users\/1"}],"replies":[{"embeddable":true,"href":"https:\/\/www.nutrikoutek.cz\/index.php?rest_route=%2Fwp%2Fv2%2Fcomments&post=18"}],"version-history":[{"count":5,"href":"https:\/\/www.nutrikoutek.cz\/index.php?rest_route=\/wp\/v2\/pages\/18\/revisions"}],"predecessor-version":[{"id":86,"href":"https:\/\/www.nutrikoutek.cz\/index.php?rest_route=\/wp\/v2\/pages\/18\/revisions\/86"}],"wp:attachment":[{"href":"https:\/\/www.nutrikoutek.cz\/index.php?rest_route=%2Fwp%2Fv2%2Fmedia&parent=18"}],"curies":[{"name":"wp","href":"https:\/\/api.w.org\/{rel}","templated":true}]}}